{"id":137,"date":"2022-10-10T11:40:20","date_gmt":"2022-10-10T08:40:20","guid":{"rendered":"https:\/\/yeni.skybedd.com\/?page_id=137"},"modified":"2023-01-19T12:56:32","modified_gmt":"2023-01-19T09:56:32","slug":"about-us","status":"publish","type":"page","link":"https:\/\/www.skybedd.com\/fr\/about-us\/","title":{"rendered":"\u00c0 propos de nous"},"content":{"rendered":"<div class=\"wpb-content-wrapper\"><div id=\"row-banner\" data-vc-full-width=\"true\" data-vc-full-width-init=\"false\" data-vc-stretch-content=\"true\" class=\"vc_row wpb_row vc_row-fluid vc_row-no-padding wd-rs-6343dab93e240\"><div class=\"wpb_column vc_column_container vc_col-sm-12\"><div class=\"vc_column-inner\"><div class=\"wpb_wrapper\">\t\t<div class=\"promo-banner-wrapper  wd-rs-6343da833da63\">\n\t\t\t<div id=\"wd-6343da833da63\" class=\"promo-banner  banner- banner-hover-none color-scheme-light banner-btn-size-default banner-btn-style-default banner-vr-align-middle banner-hr-align-center  wd-underline-colored\"\t\t\t\t\t\t\t>\n\t\t\t\t<div class=\"main-wrapp-img\">\n\t\t\t\t\t<div class=\"banner-image wd-bg-position-center\" >\n\t\t\t\t\t\t<img loading=\"lazy\" decoding=\"async\" width=\"1920\" height=\"301\" src=\"https:\/\/www.skybedd.com\/wp-content\/uploads\/2022\/10\/about-us-banner.jpg\" class=\"promo-banner-image attachment-full\" alt=\"\" title=\"about-us-banner\" srcset=\"https:\/\/www.skybedd.com\/wp-content\/uploads\/2022\/10\/about-us-banner.jpg 1920w, https:\/\/www.skybedd.com\/wp-content\/uploads\/2022\/10\/about-us-banner-150x24.jpg 150w, https:\/\/www.skybedd.com\/wp-content\/uploads\/2022\/10\/about-us-banner-1600x251.jpg 1600w, https:\/\/www.skybedd.com\/wp-content\/uploads\/2022\/10\/about-us-banner-300x47.jpg 300w, https:\/\/www.skybedd.com\/wp-content\/uploads\/2022\/10\/about-us-banner-1024x161.jpg 1024w, https:\/\/www.skybedd.com\/wp-content\/uploads\/2022\/10\/about-us-banner-768x120.jpg 768w, https:\/\/www.skybedd.com\/wp-content\/uploads\/2022\/10\/about-us-banner-1536x241.jpg 1536w\" sizes=\"auto, (max-width: 1920px) 100vw, 1920px\" \/>\t\t\t\t\t<\/div>\n\t\t\t\t<\/div>\n\n\t\t\t\t<div class=\"wrapper-content-banner wd-fill  wd-items-middle wd-justify-center\">\n\t\t\t\t\t<div class=\"content-banner text-center\">\n\t\t\t\t\t\t<div class=\"banner-title-wrap banner-title-default\">\n\t\t\t\t\t\t\t\t\t\t\t\t\t<\/div>\n\t\t\t\t\t\t\t\t\t\t\t\t\t<div class=\"banner-inner set-cont-mb-s reset-last-child wd-fontsize-xs\">\n\t\t\t\t\t\t\t\t<\/p>\n<h2 style=\"text-align: center;\">\u00c0 PROPOS DE NOUS<\/h2>\n<p>\n\t\t\t\t\t\t\t<\/div>\n\t\t\t\t\t\t\t\t\t\t\t\t\t\t\t\t\t<\/div>\n\t\t\t\t<\/div>\n\t\t\t\t\t\t\t<\/div>\n\t\t<\/div>\n\n\t\t<\/div><\/div><\/div><\/div><div class=\"vc_row-full-width vc_clearfix\"><\/div><div class=\"vc_row wpb_row vc_row-fluid row-yazi wd-rs-6343def341df5\"><div class=\"wpb_column vc_column_container vc_col-sm-1\"><div class=\"vc_column-inner\"><div class=\"wpb_wrapper\"><\/div><\/div><\/div><div class=\"wpb_column vc_column_container vc_col-sm-10\"><div class=\"vc_column-inner\"><div class=\"wpb_wrapper\">\n\t<div class=\"wpb_text_column wpb_content_element\" >\n\t\t<div class=\"wpb_wrapper\">\n\t\t\t<p class=\"appear-animation animated fadeInUpShorter appear-animation-visible\" data-appear-animation=\"fadeInUpShorter\" data-appear-animation-delay=\"1400\">SkyBedd, est la nouvelle marque des soci\u00e9t\u00e9s du groupe Ta\u015fk\u0131ranlar qui ont plus de 40 ans d'exp\u00e9rience dans le secteur de l'industrie et des affaires. Dans une usine enti\u00e8rement int\u00e9gr\u00e9e, d'une superficie int\u00e9rieure de 80 000 m\u00b2, situ\u00e9e sur un espace ouvert de 100 000 m\u00b2, SkyBedd produit des matelas, des sommiers, des t\u00eates de lit et des produits compl\u00e9mentaires avec une technologie de pointe et des normes de qualit\u00e9 \u00e9lev\u00e9es. Gr\u00e2ce aux investissements de 2011 et 2012, SkyBedd a fait \u00e9merger les technologies de fabrication les plus avanc\u00e9es du monde, et pas seulement de la Turquie.<\/p>\n<p class=\"mb-0 appear-animation animated fadeInUpShorter appear-animation-visible\" data-appear-animation=\"fadeInUpShorter\" data-appear-animation-delay=\"1600\">SkyBedd, avec plus de 500 employ\u00e9s exp\u00e9riment\u00e9s et un syst\u00e8me de production bas\u00e9 sur MRP, dispose d'un type de production flexible et orient\u00e9 client offrant une grande vari\u00e9t\u00e9 d'options de tissus et d'imitations de cuir. SkyBedd s'est fix\u00e9 pour objectif de produire 450 000 matelas et 300 000 sommiers, t\u00eates de lit et produits compl\u00e9mentaires par an.<\/p>\n<p>\u00a0<\/p>\n\n\t\t<\/div>\n\t<\/div>\n<\/div><\/div><\/div><div class=\"wpb_column vc_column_container vc_col-sm-1\"><div class=\"vc_column-inner\"><div class=\"wpb_wrapper\"><\/div><\/div><\/div><\/div>\n<\/div>","protected":false},"excerpt":{"rendered":"ABOUT US SkyBedd, is the new trademark of Ta\u015fk\u0131ranlar Group Companies who experience in industry and bussiness sector for mre","protected":false},"author":1,"featured_media":0,"parent":0,"menu_order":0,"comment_status":"closed","ping_status":"closed","template":"","meta":{"footnotes":""},"class_list":["post-137","page","type-page","status-publish","hentry"],"yoast_head":"<!-- This site is optimized with the Yoast SEO plugin v22.2 - https:\/\/yoast.com\/wordpress\/plugins\/seo\/ -->\n<title>About Us - Skybedd<\/title>\n<meta name=\"robots\" content=\"index, follow, max-snippet:-1, max-image-preview:large, max-video-preview:-1\" \/>\n<link rel=\"canonical\" href=\"https:\/\/www.skybedd.com\/fr\/about-us\/\" \/>\n<meta property=\"og:locale\" content=\"fr_FR\" \/>\n<meta property=\"og:type\" content=\"article\" \/>\n<meta property=\"og:title\" content=\"About Us - Skybedd\" \/>\n<meta property=\"og:url\" content=\"https:\/\/www.skybedd.com\/fr\/about-us\/\" \/>\n<meta property=\"og:site_name\" content=\"Skybedd\" \/>\n<meta property=\"article:modified_time\" content=\"2023-01-19T09:56:32+00:00\" \/>\n<meta name=\"twitter:card\" content=\"summary_large_image\" \/>\n<meta name=\"twitter:label1\" content=\"Dur\u00e9e de lecture estim\u00e9e\" \/>\n\t<meta name=\"twitter:data1\" content=\"2 minutes\" \/>\n<script type=\"application\/ld+json\" class=\"yoast-schema-graph\">{\"@context\":\"https:\/\/schema.org\",\"@graph\":[{\"@type\":\"WebPage\",\"@id\":\"https:\/\/www.skybedd.com\/about-us\/\",\"url\":\"https:\/\/www.skybedd.com\/about-us\/\",\"name\":\"About Us - Skybedd\",\"isPartOf\":{\"@id\":\"https:\/\/www.skybedd.com\/#website\"},\"datePublished\":\"2022-10-10T08:40:20+00:00\",\"dateModified\":\"2023-01-19T09:56:32+00:00\",\"breadcrumb\":{\"@id\":\"https:\/\/www.skybedd.com\/about-us\/#breadcrumb\"},\"inLanguage\":\"fr-FR\",\"potentialAction\":[{\"@type\":\"ReadAction\",\"target\":[\"https:\/\/www.skybedd.com\/about-us\/\"]}]},{\"@type\":\"BreadcrumbList\",\"@id\":\"https:\/\/www.skybedd.com\/about-us\/#breadcrumb\",\"itemListElement\":[{\"@type\":\"ListItem\",\"position\":1,\"name\":\"Anasayfa\",\"item\":\"https:\/\/www.skybedd.com\/\"},{\"@type\":\"ListItem\",\"position\":2,\"name\":\"About Us\"}]},{\"@type\":\"WebSite\",\"@id\":\"https:\/\/www.skybedd.com\/#website\",\"url\":\"https:\/\/www.skybedd.com\/\",\"name\":\"Skybedd\",\"description\":\"Uykunun Ritmini Yakala\",\"potentialAction\":[{\"@type\":\"SearchAction\",\"target\":{\"@type\":\"EntryPoint\",\"urlTemplate\":\"https:\/\/www.skybedd.com\/?s={search_term_string}\"},\"query-input\":\"required name=search_term_string\"}],\"inLanguage\":\"fr-FR\"}]}<\/script>\n<!-- \/ Yoast SEO plugin. -->","yoast_head_json":{"title":"About Us - Skybedd","robots":{"index":"index","follow":"follow","max-snippet":"max-snippet:-1","max-image-preview":"max-image-preview:large","max-video-preview":"max-video-preview:-1"},"canonical":"https:\/\/www.skybedd.com\/fr\/about-us\/","og_locale":"fr_FR","og_type":"article","og_title":"About Us - Skybedd","og_url":"https:\/\/www.skybedd.com\/fr\/about-us\/","og_site_name":"Skybedd","article_modified_time":"2023-01-19T09:56:32+00:00","twitter_card":"summary_large_image","twitter_misc":{"Dur\u00e9e de lecture estim\u00e9e":"2 minutes"},"schema":{"@context":"https:\/\/schema.org","@graph":[{"@type":"WebPage","@id":"https:\/\/www.skybedd.com\/about-us\/","url":"https:\/\/www.skybedd.com\/about-us\/","name":"About Us - Skybedd","isPartOf":{"@id":"https:\/\/www.skybedd.com\/#website"},"datePublished":"2022-10-10T08:40:20+00:00","dateModified":"2023-01-19T09:56:32+00:00","breadcrumb":{"@id":"https:\/\/www.skybedd.com\/about-us\/#breadcrumb"},"inLanguage":"fr-FR","potentialAction":[{"@type":"ReadAction","target":["https:\/\/www.skybedd.com\/about-us\/"]}]},{"@type":"BreadcrumbList","@id":"https:\/\/www.skybedd.com\/about-us\/#breadcrumb","itemListElement":[{"@type":"ListItem","position":1,"name":"Anasayfa","item":"https:\/\/www.skybedd.com\/"},{"@type":"ListItem","position":2,"name":"About Us"}]},{"@type":"WebSite","@id":"https:\/\/www.skybedd.com\/#website","url":"https:\/\/www.skybedd.com\/","name":"Skybedd","description":"Uykunun Ritmini Yakala","potentialAction":[{"@type":"SearchAction","target":{"@type":"EntryPoint","urlTemplate":"https:\/\/www.skybedd.com\/?s={search_term_string}"},"query-input":"required name=search_term_string"}],"inLanguage":"fr-FR"}]}},"_links":{"self":[{"href":"https:\/\/www.skybedd.com\/fr\/wp-json\/wp\/v2\/pages\/137","targetHints":{"allow":["GET"]}}],"collection":[{"href":"https:\/\/www.skybedd.com\/fr\/wp-json\/wp\/v2\/pages"}],"about":[{"href":"https:\/\/www.skybedd.com\/fr\/wp-json\/wp\/v2\/types\/page"}],"author":[{"embeddable":true,"href":"https:\/\/www.skybedd.com\/fr\/wp-json\/wp\/v2\/users\/1"}],"replies":[{"embeddable":true,"href":"https:\/\/www.skybedd.com\/fr\/wp-json\/wp\/v2\/comments?post=137"}],"version-history":[{"count":11,"href":"https:\/\/www.skybedd.com\/fr\/wp-json\/wp\/v2\/pages\/137\/revisions"}],"predecessor-version":[{"id":555,"href":"https:\/\/www.skybedd.com\/fr\/wp-json\/wp\/v2\/pages\/137\/revisions\/555"}],"wp:attachment":[{"href":"https:\/\/www.skybedd.com\/fr\/wp-json\/wp\/v2\/media?parent=137"}],"curies":[{"name":"wp","href":"https:\/\/api.w.org\/{rel}","templated":true}]}}