{"id":513,"date":"2022-12-24T21:39:52","date_gmt":"2022-12-24T18:39:52","guid":{"rendered":"https:\/\/yeni.skybedd.com\/?page_id=513"},"modified":"2023-01-19T12:32:33","modified_gmt":"2023-01-19T09:32:33","slug":"contact","status":"publish","type":"page","link":"https:\/\/www.skybedd.com\/fr\/contact\/","title":{"rendered":"Contact"},"content":{"rendered":"<div class=\"wpb-content-wrapper\"><div class=\"vc_row wpb_row vc_row-fluid\"><div class=\"wpb_column vc_column_container vc_col-sm-12\"><div class=\"vc_column-inner\"><div class=\"wpb_wrapper\"><div class=\"vc_row wpb_row vc_inner vc_row-fluid vc_row-o-content-middle vc_row-flex wd-rs-637f46b625add\"><div class=\"wpb_column vc_column_container vc_col-sm-1\"><div class=\"vc_column-inner\"><div class=\"wpb_wrapper\"><\/div><\/div><\/div><div class=\"wpb_column vc_column_container vc_col-sm-5 text-center wd-rs-637f46bc7633a\"><div class=\"vc_column-inner\"><div class=\"wpb_wrapper\">\n\t<div class=\"wpb_text_column wpb_content_element\" >\n\t\t<div class=\"wpb_wrapper\">\n\t\t\t<div class=\"pol-12\">\n<h3>Skybedd<\/h3>\n<p>Karaa\u011fa\u00e7l\u0131 Mh. Ali Kavkas Cd. No: 10<br \/>\nManisa, \u015eehzadeler<br \/>\n<a href=\"mailto:info@skybedd.com\"><strong>info@skybedd.com<\/strong><\/a><\/p>\n<\/div>\n<p><b><a href=\"tel:08504337585\">0850 433 75 85<\/a><\/b><\/p>\n\n\t\t<\/div>\n\t<\/div>\n<\/div><\/div><\/div><div class=\"wpb_column vc_column_container vc_col-sm-5\"><div class=\"vc_column-inner\"><div class=\"wpb_wrapper\"><div class=\"wpb_gmaps_widget wpb_content_element\"><div class=\"wpb_wrapper\"><div class=\"wpb_map_wraper\"><iframe src=\"https:\/\/www.google.com\/maps\/embed?pb=!1m16!1m12!1m3!1d194.6660181588937!2d27.517833658910103!3d38.67976649730036!2m3!1f0!2f0!3f0!3m2!1i1024!2i768!4f13.1!2m1!1sKaraa%C4%9Fa%C3%A7l%C4%B1%20Mh.%20Ali%20Kavkas%20Cd.%20No%3A%2010%20Manisa%2C%20%C5%9Eehzadeler!5e0!3m2!1str!2str!4v1669285397069!5m2!1str!2str\" width=\"100%\" height=\"350\" style=\"border:0;\" allowfullscreen=\"\" loading=\"lazy\" referrerpolicy=\"no-referrer-when-downgrade\"><\/iframe><\/div><\/div><\/div><\/div><\/div><\/div><div class=\"wpb_column vc_column_container vc_col-sm-1\"><div class=\"vc_column-inner\"><div class=\"wpb_wrapper\"><\/div><\/div><\/div><\/div><\/div><\/div><\/div><\/div>\n<\/div>","protected":false},"excerpt":{"rendered":"Skybedd Karaa\u011fa\u00e7l\u0131 Mh. Ali Kavkas Cd. No: 10 Manisa, \u015eehzadeler info@skybedd.com 0850 433 75 85","protected":false},"author":1,"featured_media":0,"parent":0,"menu_order":0,"comment_status":"closed","ping_status":"closed","template":"","meta":{"footnotes":""},"class_list":["post-513","page","type-page","status-publish","hentry"],"yoast_head":"<!-- This site is optimized with the Yoast SEO plugin v22.2 - https:\/\/yoast.com\/wordpress\/plugins\/seo\/ -->\n<title>Contact - Skybedd<\/title>\n<meta name=\"robots\" content=\"index, follow, max-snippet:-1, max-image-preview:large, max-video-preview:-1\" \/>\n<link rel=\"canonical\" href=\"https:\/\/www.skybedd.com\/fr\/contact\/\" \/>\n<meta property=\"og:locale\" content=\"fr_FR\" \/>\n<meta property=\"og:type\" content=\"article\" \/>\n<meta property=\"og:title\" content=\"Contact - Skybedd\" \/>\n<meta property=\"og:url\" content=\"https:\/\/www.skybedd.com\/fr\/contact\/\" \/>\n<meta property=\"og:site_name\" content=\"Skybedd\" \/>\n<meta property=\"article:modified_time\" content=\"2023-01-19T09:32:33+00:00\" \/>\n<meta name=\"twitter:card\" content=\"summary_large_image\" \/>\n<meta name=\"twitter:label1\" content=\"Dur\u00e9e de lecture estim\u00e9e\" \/>\n\t<meta name=\"twitter:data1\" content=\"1 minute\" \/>\n<script type=\"application\/ld+json\" class=\"yoast-schema-graph\">{\"@context\":\"https:\/\/schema.org\",\"@graph\":[{\"@type\":\"WebPage\",\"@id\":\"https:\/\/www.skybedd.com\/contact\/\",\"url\":\"https:\/\/www.skybedd.com\/contact\/\",\"name\":\"Contact - Skybedd\",\"isPartOf\":{\"@id\":\"https:\/\/www.skybedd.com\/#website\"},\"datePublished\":\"2022-12-24T18:39:52+00:00\",\"dateModified\":\"2023-01-19T09:32:33+00:00\",\"breadcrumb\":{\"@id\":\"https:\/\/www.skybedd.com\/contact\/#breadcrumb\"},\"inLanguage\":\"fr-FR\",\"potentialAction\":[{\"@type\":\"ReadAction\",\"target\":[\"https:\/\/www.skybedd.com\/contact\/\"]}]},{\"@type\":\"BreadcrumbList\",\"@id\":\"https:\/\/www.skybedd.com\/contact\/#breadcrumb\",\"itemListElement\":[{\"@type\":\"ListItem\",\"position\":1,\"name\":\"Anasayfa\",\"item\":\"https:\/\/www.skybedd.com\/\"},{\"@type\":\"ListItem\",\"position\":2,\"name\":\"Contact\"}]},{\"@type\":\"WebSite\",\"@id\":\"https:\/\/www.skybedd.com\/#website\",\"url\":\"https:\/\/www.skybedd.com\/\",\"name\":\"Skybedd\",\"description\":\"Uykunun Ritmini Yakala\",\"potentialAction\":[{\"@type\":\"SearchAction\",\"target\":{\"@type\":\"EntryPoint\",\"urlTemplate\":\"https:\/\/www.skybedd.com\/?s={search_term_string}\"},\"query-input\":\"required name=search_term_string\"}],\"inLanguage\":\"fr-FR\"}]}<\/script>\n<!-- \/ Yoast SEO plugin. -->","yoast_head_json":{"title":"Contact - Skybedd","robots":{"index":"index","follow":"follow","max-snippet":"max-snippet:-1","max-image-preview":"max-image-preview:large","max-video-preview":"max-video-preview:-1"},"canonical":"https:\/\/www.skybedd.com\/fr\/contact\/","og_locale":"fr_FR","og_type":"article","og_title":"Contact - Skybedd","og_url":"https:\/\/www.skybedd.com\/fr\/contact\/","og_site_name":"Skybedd","article_modified_time":"2023-01-19T09:32:33+00:00","twitter_card":"summary_large_image","twitter_misc":{"Dur\u00e9e de lecture estim\u00e9e":"1 minute"},"schema":{"@context":"https:\/\/schema.org","@graph":[{"@type":"WebPage","@id":"https:\/\/www.skybedd.com\/contact\/","url":"https:\/\/www.skybedd.com\/contact\/","name":"Contact - Skybedd","isPartOf":{"@id":"https:\/\/www.skybedd.com\/#website"},"datePublished":"2022-12-24T18:39:52+00:00","dateModified":"2023-01-19T09:32:33+00:00","breadcrumb":{"@id":"https:\/\/www.skybedd.com\/contact\/#breadcrumb"},"inLanguage":"fr-FR","potentialAction":[{"@type":"ReadAction","target":["https:\/\/www.skybedd.com\/contact\/"]}]},{"@type":"BreadcrumbList","@id":"https:\/\/www.skybedd.com\/contact\/#breadcrumb","itemListElement":[{"@type":"ListItem","position":1,"name":"Anasayfa","item":"https:\/\/www.skybedd.com\/"},{"@type":"ListItem","position":2,"name":"Contact"}]},{"@type":"WebSite","@id":"https:\/\/www.skybedd.com\/#website","url":"https:\/\/www.skybedd.com\/","name":"Skybedd","description":"Uykunun Ritmini Yakala","potentialAction":[{"@type":"SearchAction","target":{"@type":"EntryPoint","urlTemplate":"https:\/\/www.skybedd.com\/?s={search_term_string}"},"query-input":"required name=search_term_string"}],"inLanguage":"fr-FR"}]}},"_links":{"self":[{"href":"https:\/\/www.skybedd.com\/fr\/wp-json\/wp\/v2\/pages\/513","targetHints":{"allow":["GET"]}}],"collection":[{"href":"https:\/\/www.skybedd.com\/fr\/wp-json\/wp\/v2\/pages"}],"about":[{"href":"https:\/\/www.skybedd.com\/fr\/wp-json\/wp\/v2\/types\/page"}],"author":[{"embeddable":true,"href":"https:\/\/www.skybedd.com\/fr\/wp-json\/wp\/v2\/users\/1"}],"replies":[{"embeddable":true,"href":"https:\/\/www.skybedd.com\/fr\/wp-json\/wp\/v2\/comments?post=513"}],"version-history":[{"count":2,"href":"https:\/\/www.skybedd.com\/fr\/wp-json\/wp\/v2\/pages\/513\/revisions"}],"predecessor-version":[{"id":552,"href":"https:\/\/www.skybedd.com\/fr\/wp-json\/wp\/v2\/pages\/513\/revisions\/552"}],"wp:attachment":[{"href":"https:\/\/www.skybedd.com\/fr\/wp-json\/wp\/v2\/media?parent=513"}],"curies":[{"name":"wp","href":"https:\/\/api.w.org\/{rel}","templated":true}]}}